{"id":128,"date":"2025-01-27T23:46:56","date_gmt":"2025-01-27T22:46:56","guid":{"rendered":"https:\/\/fillim.rs\/home-%d1%81%d1%80%d0%bf%d1%81%d0%ba%d0%b8-%d1%98%d0%b5%d0%b7%d0%b8%d0%ba\/"},"modified":"2025-10-26T13:40:31","modified_gmt":"2025-10-26T12:40:31","slug":"home-%d1%81%d1%80%d0%bf%d1%81%d0%ba%d0%b8-%d1%98%d0%b5%d0%b7%d0%b8%d0%ba","status":"publish","type":"page","link":"https:\/\/fillim.rs\/","title":{"rendered":"Home &#8211; \u0421\u0440\u043f\u0441\u043a\u0438 \u0458\u0435\u0437\u0438\u043a"},"content":{"rendered":"","protected":false},"excerpt":{"rendered":"","protected":false},"author":1,"featured_media":0,"parent":0,"menu_order":0,"comment_status":"closed","ping_status":"closed","template":"homepage.php","meta":{"inline_featured_image":false,"footnotes":""},"class_list":["post-128","page","type-page","status-publish","hentry"],"acf":[],"yoast_head":"<!-- This site is optimized with the Yoast SEO Premium plugin v26.1 (Yoast SEO v26.9) - https:\/\/yoast.com\/product\/yoast-seo-premium-wordpress\/ -->\n<title>Transport Srbija Italija | Filli M Logistics Dostava u 24h | Carinsko zastupanje<\/title>\n<meta name=\"description\" content=\"Transport Srbija Italija. Zbirni transport. Organizujemo carinjenje, dokumentaciju (T1\/EUR.1) i skladi\u0161tenje. Zatra\u017eite ponudu!\" \/>\n<meta name=\"robots\" content=\"index, follow, max-snippet:-1, max-image-preview:large, max-video-preview:-1\" \/>\n<link rel=\"canonical\" href=\"https:\/\/fillim.rs\/\" \/>\n<meta property=\"og:locale\" content=\"en_US\" \/>\n<meta property=\"og:type\" content=\"article\" \/>\n<meta property=\"og:title\" content=\"Home - \u0421\u0440\u043f\u0441\u043a\u0438 \u0458\u0435\u0437\u0438\u043a\" \/>\n<meta property=\"og:description\" content=\"Transport Srbija Italija. Zbirni transport. Organizujemo carinjenje, dokumentaciju (T1\/EUR.1) i skladi\u0161tenje. Zatra\u017eite ponudu!\" \/>\n<meta property=\"og:url\" content=\"https:\/\/fillim.rs\/\" \/>\n<meta property=\"og:site_name\" content=\"Filli M Logistics\" \/>\n<meta property=\"article:publisher\" content=\"https:\/\/www.facebook.com\/profile.php?id=61553776100983\" \/>\n<meta property=\"article:modified_time\" content=\"2025-10-26T12:40:31+00:00\" \/>\n<meta property=\"og:image\" content=\"https:\/\/fillim.rs\/wp-content\/uploads\/2025\/10\/FILLI_M_Logistics-3_6_cropped.png\" \/>\n\t<meta property=\"og:image:width\" content=\"331\" \/>\n\t<meta property=\"og:image:height\" content=\"199\" \/>\n\t<meta property=\"og:image:type\" content=\"image\/png\" \/>\n<meta name=\"twitter:card\" content=\"summary_large_image\" \/>\n<script type=\"application\/ld+json\" class=\"yoast-schema-graph\">{\"@context\":\"https:\/\/schema.org\",\"@graph\":[{\"@type\":\"WebPage\",\"@id\":\"https:\/\/fillim.rs\/\",\"url\":\"https:\/\/fillim.rs\/\",\"name\":\"Transport Srbija Italija | Filli M Logistics Dostava u 24h | Carinsko zastupanje\",\"isPartOf\":{\"@id\":\"https:\/\/fillim.rs\/#website\"},\"datePublished\":\"2025-01-27T22:46:56+00:00\",\"dateModified\":\"2025-10-26T12:40:31+00:00\",\"description\":\"Transport Srbija Italija. Zbirni transport. Organizujemo carinjenje, dokumentaciju (T1\/EUR.1) i skladi\u0161tenje. Zatra\u017eite ponudu!\",\"breadcrumb\":{\"@id\":\"https:\/\/fillim.rs\/#breadcrumb\"},\"inLanguage\":\"en-US\",\"potentialAction\":[{\"@type\":\"ReadAction\",\"target\":[\"https:\/\/fillim.rs\/\"]}]},{\"@type\":\"BreadcrumbList\",\"@id\":\"https:\/\/fillim.rs\/#breadcrumb\",\"itemListElement\":[{\"@type\":\"ListItem\",\"position\":1,\"name\":\"Home\",\"item\":\"https:\/\/fillim.rs\/?page_id=9&lang=en\"},{\"@type\":\"ListItem\",\"position\":2,\"name\":\"Home &#8211; \u0421\u0440\u043f\u0441\u043a\u0438 \u0458\u0435\u0437\u0438\u043a\"}]},{\"@type\":\"WebSite\",\"@id\":\"https:\/\/fillim.rs\/#website\",\"url\":\"https:\/\/fillim.rs\/\",\"name\":\"Filli M Logistics\",\"description\":\"Brz i pouzdan LTL\/FTL transport izme\u0111u Srbije i Italije. 24h ekspres dostave, carinsko posredovanje i skladi\u0161tenje. Zatra\u017eite ponudu.\",\"publisher\":{\"@id\":\"https:\/\/fillim.rs\/#organization\"},\"alternateName\":\"FILLI M LOGISTICS | Transport Srbija\u2013Italija u 24h | Carina & Skladi\u0161te\",\"potentialAction\":[{\"@type\":\"SearchAction\",\"target\":{\"@type\":\"EntryPoint\",\"urlTemplate\":\"https:\/\/fillim.rs\/?s={search_term_string}\"},\"query-input\":{\"@type\":\"PropertyValueSpecification\",\"valueRequired\":true,\"valueName\":\"search_term_string\"}}],\"inLanguage\":\"en-US\"},{\"@type\":\"Organization\",\"@id\":\"https:\/\/fillim.rs\/#organization\",\"name\":\"Filli M Logistics\",\"url\":\"https:\/\/fillim.rs\/\",\"logo\":{\"@type\":\"ImageObject\",\"inLanguage\":\"en-US\",\"@id\":\"https:\/\/fillim.rs\/#\/schema\/logo\/image\/\",\"url\":\"https:\/\/fillim.rs\/wp-content\/uploads\/2025\/10\/FILLI_M_Logistics-3_6_cropped.png\",\"contentUrl\":\"https:\/\/fillim.rs\/wp-content\/uploads\/2025\/10\/FILLI_M_Logistics-3_6_cropped.png\",\"width\":331,\"height\":199,\"caption\":\"Filli M Logistics\"},\"image\":{\"@id\":\"https:\/\/fillim.rs\/#\/schema\/logo\/image\/\"},\"sameAs\":[\"https:\/\/www.facebook.com\/profile.php?id=61553776100983\",\"https:\/\/www.instagram.com\/fillimlogistics\/\"],\"description\":\"Specialized in express deliveries between Serbia and Italy, Custom operations and warehousing\",\"email\":\"office@fillim.rs\",\"telephone\":\"+381603340170\",\"legalName\":\"Filli M Logistics DOO\",\"foundingDate\":\"2023-09-23\",\"vatID\":\"RS113950062\",\"taxID\":\"RS113950062\",\"numberOfEmployees\":{\"@type\":\"QuantitativeValue\",\"minValue\":\"1\",\"maxValue\":\"10\"}}]}<\/script>\n<!-- \/ Yoast SEO Premium plugin. -->","yoast_head_json":{"title":"Transport Srbija Italija | Filli M Logistics Dostava u 24h | Carinsko zastupanje","description":"Transport Srbija Italija. Zbirni transport. Organizujemo carinjenje, dokumentaciju (T1\/EUR.1) i skladi\u0161tenje. Zatra\u017eite ponudu!","robots":{"index":"index","follow":"follow","max-snippet":"max-snippet:-1","max-image-preview":"max-image-preview:large","max-video-preview":"max-video-preview:-1"},"canonical":"https:\/\/fillim.rs\/","og_locale":"en_US","og_type":"article","og_title":"Home - \u0421\u0440\u043f\u0441\u043a\u0438 \u0458\u0435\u0437\u0438\u043a","og_description":"Transport Srbija Italija. Zbirni transport. Organizujemo carinjenje, dokumentaciju (T1\/EUR.1) i skladi\u0161tenje. Zatra\u017eite ponudu!","og_url":"https:\/\/fillim.rs\/","og_site_name":"Filli M Logistics","article_publisher":"https:\/\/www.facebook.com\/profile.php?id=61553776100983","article_modified_time":"2025-10-26T12:40:31+00:00","og_image":[{"width":331,"height":199,"url":"https:\/\/fillim.rs\/wp-content\/uploads\/2025\/10\/FILLI_M_Logistics-3_6_cropped.png","type":"image\/png"}],"twitter_card":"summary_large_image","schema":{"@context":"https:\/\/schema.org","@graph":[{"@type":"WebPage","@id":"https:\/\/fillim.rs\/","url":"https:\/\/fillim.rs\/","name":"Transport Srbija Italija | Filli M Logistics Dostava u 24h | Carinsko zastupanje","isPartOf":{"@id":"https:\/\/fillim.rs\/#website"},"datePublished":"2025-01-27T22:46:56+00:00","dateModified":"2025-10-26T12:40:31+00:00","description":"Transport Srbija Italija. Zbirni transport. Organizujemo carinjenje, dokumentaciju (T1\/EUR.1) i skladi\u0161tenje. Zatra\u017eite ponudu!","breadcrumb":{"@id":"https:\/\/fillim.rs\/#breadcrumb"},"inLanguage":"en-US","potentialAction":[{"@type":"ReadAction","target":["https:\/\/fillim.rs\/"]}]},{"@type":"BreadcrumbList","@id":"https:\/\/fillim.rs\/#breadcrumb","itemListElement":[{"@type":"ListItem","position":1,"name":"Home","item":"https:\/\/fillim.rs\/?page_id=9&lang=en"},{"@type":"ListItem","position":2,"name":"Home &#8211; \u0421\u0440\u043f\u0441\u043a\u0438 \u0458\u0435\u0437\u0438\u043a"}]},{"@type":"WebSite","@id":"https:\/\/fillim.rs\/#website","url":"https:\/\/fillim.rs\/","name":"Filli M Logistics","description":"Brz i pouzdan LTL\/FTL transport izme\u0111u Srbije i Italije. 24h ekspres dostave, carinsko posredovanje i skladi\u0161tenje. Zatra\u017eite ponudu.","publisher":{"@id":"https:\/\/fillim.rs\/#organization"},"alternateName":"FILLI M LOGISTICS | Transport Srbija\u2013Italija u 24h | Carina & Skladi\u0161te","potentialAction":[{"@type":"SearchAction","target":{"@type":"EntryPoint","urlTemplate":"https:\/\/fillim.rs\/?s={search_term_string}"},"query-input":{"@type":"PropertyValueSpecification","valueRequired":true,"valueName":"search_term_string"}}],"inLanguage":"en-US"},{"@type":"Organization","@id":"https:\/\/fillim.rs\/#organization","name":"Filli M Logistics","url":"https:\/\/fillim.rs\/","logo":{"@type":"ImageObject","inLanguage":"en-US","@id":"https:\/\/fillim.rs\/#\/schema\/logo\/image\/","url":"https:\/\/fillim.rs\/wp-content\/uploads\/2025\/10\/FILLI_M_Logistics-3_6_cropped.png","contentUrl":"https:\/\/fillim.rs\/wp-content\/uploads\/2025\/10\/FILLI_M_Logistics-3_6_cropped.png","width":331,"height":199,"caption":"Filli M Logistics"},"image":{"@id":"https:\/\/fillim.rs\/#\/schema\/logo\/image\/"},"sameAs":["https:\/\/www.facebook.com\/profile.php?id=61553776100983","https:\/\/www.instagram.com\/fillimlogistics\/"],"description":"Specialized in express deliveries between Serbia and Italy, Custom operations and warehousing","email":"office@fillim.rs","telephone":"+381603340170","legalName":"Filli M Logistics DOO","foundingDate":"2023-09-23","vatID":"RS113950062","taxID":"RS113950062","numberOfEmployees":{"@type":"QuantitativeValue","minValue":"1","maxValue":"10"}}]}},"_links":{"self":[{"href":"https:\/\/fillim.rs\/index.php?rest_route=\/wp\/v2\/pages\/128","targetHints":{"allow":["GET"]}}],"collection":[{"href":"https:\/\/fillim.rs\/index.php?rest_route=\/wp\/v2\/pages"}],"about":[{"href":"https:\/\/fillim.rs\/index.php?rest_route=\/wp\/v2\/types\/page"}],"author":[{"embeddable":true,"href":"https:\/\/fillim.rs\/index.php?rest_route=\/wp\/v2\/users\/1"}],"replies":[{"embeddable":true,"href":"https:\/\/fillim.rs\/index.php?rest_route=%2Fwp%2Fv2%2Fcomments&post=128"}],"version-history":[{"count":16,"href":"https:\/\/fillim.rs\/index.php?rest_route=\/wp\/v2\/pages\/128\/revisions"}],"predecessor-version":[{"id":227,"href":"https:\/\/fillim.rs\/index.php?rest_route=\/wp\/v2\/pages\/128\/revisions\/227"}],"wp:attachment":[{"href":"https:\/\/fillim.rs\/index.php?rest_route=%2Fwp%2Fv2%2Fmedia&parent=128"}],"curies":[{"name":"wp","href":"https:\/\/api.w.org\/{rel}","templated":true}]}}